{"id":4048,"date":"2021-12-07T18:29:19","date_gmt":"2021-12-07T17:29:19","guid":{"rendered":"https:\/\/haaf.de\/?page_id=4048"},"modified":"2024-02-21T10:36:43","modified_gmt":"2024-02-21T09:36:43","slug":"transport-services","status":"publish","type":"page","link":"https:\/\/haaf.de\/en\/transport-services\/","title":{"rendered":"Transport Services"},"content":{"rendered":"\t\t<div data-elementor-type=\"wp-page\" data-elementor-id=\"4048\" class=\"elementor elementor-4048\" data-elementor-settings=\"{&quot;ha_cmc_init_switcher&quot;:&quot;no&quot;}\" data-elementor-post-type=\"page\">\n\t\t\t\t\t\t<section class=\"elementor-section elementor-top-section elementor-element elementor-element-1fce7c2c elementor-section-height-min-height elementor-section-items-top elementor-section-boxed elementor-section-height-default\" data-id=\"1fce7c2c\" data-element_type=\"section\" data-e-type=\"section\" data-settings=\"{&quot;background_background&quot;:&quot;classic&quot;,&quot;_ha_eqh_enable&quot;:false}\">\n\t\t\t\t\t\t<div class=\"elementor-container elementor-column-gap-default\">\n\t\t\t\t\t<div class=\"elementor-column elementor-col-100 elementor-top-column elementor-element elementor-element-689cdee5\" data-id=\"689cdee5\" data-element_type=\"column\" data-e-type=\"column\">\n\t\t\t<div class=\"elementor-widget-wrap elementor-element-populated\">\n\t\t\t\t\t\t<div class=\"elementor-element elementor-element-79b19780 elementor-widget elementor-widget-heading\" data-id=\"79b19780\" data-element_type=\"widget\" data-e-type=\"widget\" data-widget_type=\"heading.default\">\n\t\t\t\t<div class=\"elementor-widget-container\">\n\t\t\t\t\t<h1 class=\"elementor-heading-title elementor-size-default\">Intelligente Transportl\u00f6sungen \u2013 individuell &amp; ma\u00dfgeschneidert<\/h1>\t\t\t\t<\/div>\n\t\t\t\t<\/div>\n\t\t\t\t<div class=\"elementor-element elementor-element-b68d233 elementor-align-start elementor-mobile-align-start elementor-icon-list--layout-inline elementor-list-item-link-full_width ha-has-bg-overlay elementor-widget elementor-widget-icon-list\" data-id=\"b68d233\" data-element_type=\"widget\" data-e-type=\"widget\" data-settings=\"{&quot;sticky&quot;:&quot;top&quot;,&quot;sticky_offset&quot;:162,&quot;sticky_offset_mobile&quot;:183,&quot;sticky_offset_tablet&quot;:222,&quot;sticky_on&quot;:[&quot;desktop&quot;,&quot;tablet&quot;,&quot;mobile&quot;],&quot;sticky_effects_offset&quot;:0,&quot;sticky_anchor_link_offset&quot;:0}\" data-widget_type=\"icon-list.default\">\n\t\t\t\t<div class=\"elementor-widget-container\">\n\t\t\t\t\t\t\t<ul class=\"elementor-icon-list-items elementor-inline-items\">\n\t\t\t\t\t\t\t<li class=\"elementor-icon-list-item elementor-inline-item\">\n\t\t\t\t\t\t\t\t\t\t\t<a href=\"#jumbolog\">\n\n\t\t\t\t\t\t\t\t\t\t\t<span class=\"elementor-icon-list-text\">Jumbo Logistics<\/span>\n\t\t\t\t\t\t\t\t\t\t\t<\/a>\n\t\t\t\t\t\t\t\t\t<\/li>\n\t\t\t\t\t\t\t\t<li class=\"elementor-icon-list-item elementor-inline-item\">\n\t\t\t\t\t\t\t\t\t\t\t<a href=\"#ltlftl\">\n\n\t\t\t\t\t\t\t\t\t\t\t<span class=\"elementor-icon-list-text\">LTL &amp; FTL<\/span>\n\t\t\t\t\t\t\t\t\t\t\t<\/a>\n\t\t\t\t\t\t\t\t\t<\/li>\n\t\t\t\t\t\t\t\t<li class=\"elementor-icon-list-item elementor-inline-item\">\n\t\t\t\t\t\t\t\t\t\t\t<a href=\"#ecoliner\">\n\n\t\t\t\t\t\t\t\t\t\t\t<span class=\"elementor-icon-list-text\">Eco-Liner<\/span>\n\t\t\t\t\t\t\t\t\t\t\t<\/a>\n\t\t\t\t\t\t\t\t\t<\/li>\n\t\t\t\t\t\t<\/ul>\n\t\t\t\t\t\t<\/div>\n\t\t\t\t<\/div>\n\t\t\t\t<div class=\"elementor-element elementor-element-feecb34 elementor-widget elementor-widget-text-editor\" data-id=\"feecb34\" data-element_type=\"widget\" data-e-type=\"widget\" data-widget_type=\"text-editor.default\">\n\t\t\t\t<div class=\"elementor-widget-container\">\n\t\t\t\t\t\t\t\t\t<p>Der Name HAAF steht seit jeher f\u00fcr Jumbo-Spedition und europaweite Transporte im LTL- und FTL-Segment. Vor diesem Hintergrund k\u00f6nnen Sie heute f\u00fcr Ihre Beschaffungs-, Distributions- oder auch Ersatzteilelogistik auf eine Reihe von individuellen Jumbo-L\u00f6sungen zur\u00fcckgreifen. Bis hin zu unserem kranbaren Intermodal-Angebot auf der europ\u00e4ischen Nord-S\u00fcd-Achse und unserer neuen Gigaliner-L\u00f6sung.<\/p><p>\u00a0<\/p><p>Unser Fuhrpark ist mit Telematik ausgestattet, die eine ungebrochene Koppelung mit unserer Dispositionszentrale erlaubt. Ihre Speditionsauftr\u00e4ge k\u00f6nnen in unserer Systemlandschaft \u00fcber Schnittstellen an unsere Dispositionssoftware direkt eingespielt und letztlich in unsere Jumbo-Einheiten \u00fcbermittelt werden.<\/p><p>\u00a0<\/p><p>Gemeinsam mit Ihnen streben wir an, die Automatisierungsrate im gesamten Auftragsabwicklungsprozess von der Erfassung bis hin zur Abrechnung weiter zu steigern. Gleichzeitig ist eine Transportnachverfolgung \u00fcber unsere Telematik Near-to-Realtime gew\u00e4hrleistet. Durch inteligente Kommunikationssysteme k\u00f6nnen wir Ihnen jederzeit mit nur einem Knopfdruck Auskunft \u00fcber Ihre Sendung geben.<\/p><p>\u00a0<\/p><p>Mit umfangreichen Ladungssicherungsvorkehrungen, wie etwa Spanngurten, Kantenschonern, Palettenanschlagleisten oder Antirutschmatten stellen wir zudem die sichere Bef\u00f6rderung Ihrer Transportg\u00fcter sicher. Unser eigene Werkstatt und Reinigungsstra\u00dfe sorgen daf\u00fcr, dass unser Fuhrpark stets Einsatzbereit ist. Unsere Tankstelle am Sitz der Unternehmensgruppe in R\u00f6merberg ist dar\u00fcber hinaus f\u00fcr den Markt zug\u00e4nglich.<\/p>\t\t\t\t\t\t\t\t<\/div>\n\t\t\t\t<\/div>\n\t\t\t\t<div class=\"elementor-element elementor-element-80900ad elementor-widget elementor-widget-menu-anchor\" data-id=\"80900ad\" data-element_type=\"widget\" data-e-type=\"widget\" data-widget_type=\"menu-anchor.default\">\n\t\t\t\t<div class=\"elementor-widget-container\">\n\t\t\t\t\t\t\t<div class=\"elementor-menu-anchor\" id=\"jumbolog\"><\/div>\n\t\t\t\t\t\t<\/div>\n\t\t\t\t<\/div>\n\t\t\t\t<div class=\"elementor-element elementor-element-b73f354 elementor-widget-divider--view-line elementor-widget elementor-widget-divider\" data-id=\"b73f354\" data-element_type=\"widget\" data-e-type=\"widget\" data-widget_type=\"divider.default\">\n\t\t\t\t<div class=\"elementor-widget-container\">\n\t\t\t\t\t\t\t<div class=\"elementor-divider\">\n\t\t\t<span class=\"elementor-divider-separator\">\n\t\t\t\t\t\t<\/span>\n\t\t<\/div>\n\t\t\t\t\t\t<\/div>\n\t\t\t\t<\/div>\n\t\t\t\t<section class=\"elementor-section elementor-inner-section elementor-element elementor-element-9caa980 elementor-section-boxed elementor-section-height-default elementor-section-height-default\" data-id=\"9caa980\" data-element_type=\"section\" data-e-type=\"section\" data-settings=\"{&quot;_ha_eqh_enable&quot;:false}\">\n\t\t\t\t\t\t<div class=\"elementor-container elementor-column-gap-default\">\n\t\t\t\t\t<div class=\"elementor-column elementor-col-50 elementor-inner-column elementor-element elementor-element-48d4c74\" data-id=\"48d4c74\" data-element_type=\"column\" data-e-type=\"column\" data-settings=\"{&quot;background_background&quot;:&quot;classic&quot;}\">\n\t\t\t<div class=\"elementor-widget-wrap elementor-element-populated\">\n\t\t\t\t\t\t<div class=\"elementor-element elementor-element-be8f5f1 elementor-widget elementor-widget-spacer\" data-id=\"be8f5f1\" data-element_type=\"widget\" data-e-type=\"widget\" data-widget_type=\"spacer.default\">\n\t\t\t\t<div class=\"elementor-widget-container\">\n\t\t\t\t\t\t\t<div class=\"elementor-spacer\">\n\t\t\t<div class=\"elementor-spacer-inner\"><\/div>\n\t\t<\/div>\n\t\t\t\t\t\t<\/div>\n\t\t\t\t<\/div>\n\t\t\t\t\t<\/div>\n\t\t<\/div>\n\t\t\t\t<div class=\"elementor-column elementor-col-50 elementor-inner-column elementor-element elementor-element-c664b61\" data-id=\"c664b61\" data-element_type=\"column\" data-e-type=\"column\">\n\t\t\t<div class=\"elementor-widget-wrap elementor-element-populated\">\n\t\t\t\t\t\t<div class=\"elementor-element elementor-element-b76f98b elementor-widget elementor-widget-heading\" data-id=\"b76f98b\" data-element_type=\"widget\" data-e-type=\"widget\" data-widget_type=\"heading.default\">\n\t\t\t\t<div class=\"elementor-widget-container\">\n\t\t\t\t\t<h5 class=\"elementor-heading-title elementor-size-default\">Jumbo Logistics<\/h5>\t\t\t\t<\/div>\n\t\t\t\t<\/div>\n\t\t\t\t<div class=\"elementor-element elementor-element-9860bf8 elementor-widget elementor-widget-text-editor\" data-id=\"9860bf8\" data-element_type=\"widget\" data-e-type=\"widget\" data-widget_type=\"text-editor.default\">\n\t\t\t\t<div class=\"elementor-widget-container\">\n\t\t\t\t\t\t\t\t\t<p>Unser Fuhrpark umfasst heute \u00fcber 130 eigene ziehende Jumbo-Einheiten, sowohl mit als auch ohne Mitnahmestapler, die unter \u00f6kologischen Gesichtspunkten zusammengestellt und kontinuierlich erweitert werden. Dar\u00fcber hinaus disponieren wir t\u00e4glich bis zu 75 Partner-Fahrzeugeinheiten.<\/p><p>\u00a0<\/p><p>Im Fuhrpark setzen wir auf standardisierte Fahrzeugma\u00dfe (7,7m + 7,7m) mit 2,50m Innenbreite, 3,00m Innenh\u00f6he, ob als Festaufbau oder Wechselbr\u00fcckenzug. Durch die Ausstattung der Fahrzeuge mit Hubdach und Edschaverdeck sind wir in der Lage das Ladevolumen von 120m\u00b3 ideal auszunutzen und auch eine Kranbe-\/Entladung sicherzustellen.<\/p><p>\u00a0<\/p><p>Bereits heute verf\u00fcgen wir \u00fcber einen gro\u00dfen Pool an Wechselbr\u00fccken, welche als mobile Lagerr\u00e4ume beispielsweise auf Baustellen auf gro\u00dfes Interesse sto\u00dfen.<\/p><p>\u00a0<\/p><p>Wir sind \u00fcberzeugt, dass unsere moderne Jumbo-Flotte auch Ihren individuellen Anforderungen gerecht wird.<\/p>\t\t\t\t\t\t\t\t<\/div>\n\t\t\t\t<\/div>\n\t\t\t\t\t<\/div>\n\t\t<\/div>\n\t\t\t\t\t<\/div>\n\t\t<\/section>\n\t\t\t\t<div class=\"elementor-element elementor-element-410c16b elementor-widget elementor-widget-menu-anchor\" data-id=\"410c16b\" data-element_type=\"widget\" data-e-type=\"widget\" data-widget_type=\"menu-anchor.default\">\n\t\t\t\t<div class=\"elementor-widget-container\">\n\t\t\t\t\t\t\t<div class=\"elementor-menu-anchor\" id=\"ltlftl\"><\/div>\n\t\t\t\t\t\t<\/div>\n\t\t\t\t<\/div>\n\t\t\t\t<div class=\"elementor-element elementor-element-081f699 elementor-widget-divider--view-line elementor-widget elementor-widget-divider\" data-id=\"081f699\" data-element_type=\"widget\" data-e-type=\"widget\" data-widget_type=\"divider.default\">\n\t\t\t\t<div class=\"elementor-widget-container\">\n\t\t\t\t\t\t\t<div class=\"elementor-divider\">\n\t\t\t<span class=\"elementor-divider-separator\">\n\t\t\t\t\t\t<\/span>\n\t\t<\/div>\n\t\t\t\t\t\t<\/div>\n\t\t\t\t<\/div>\n\t\t\t\t<section class=\"elementor-section elementor-inner-section elementor-element elementor-element-fc7f5f7 elementor-section-boxed elementor-section-height-default elementor-section-height-default\" data-id=\"fc7f5f7\" data-element_type=\"section\" data-e-type=\"section\" data-settings=\"{&quot;_ha_eqh_enable&quot;:false}\">\n\t\t\t\t\t\t<div class=\"elementor-container elementor-column-gap-default\">\n\t\t\t\t\t<div class=\"elementor-column elementor-col-50 elementor-inner-column elementor-element elementor-element-8cd6c71\" data-id=\"8cd6c71\" data-element_type=\"column\" data-e-type=\"column\" data-settings=\"{&quot;background_background&quot;:&quot;classic&quot;}\">\n\t\t\t<div class=\"elementor-widget-wrap elementor-element-populated\">\n\t\t\t\t\t\t<div class=\"elementor-element elementor-element-a208528 elementor-widget elementor-widget-spacer\" data-id=\"a208528\" data-element_type=\"widget\" data-e-type=\"widget\" data-widget_type=\"spacer.default\">\n\t\t\t\t<div class=\"elementor-widget-container\">\n\t\t\t\t\t\t\t<div class=\"elementor-spacer\">\n\t\t\t<div class=\"elementor-spacer-inner\"><\/div>\n\t\t<\/div>\n\t\t\t\t\t\t<\/div>\n\t\t\t\t<\/div>\n\t\t\t\t\t<\/div>\n\t\t<\/div>\n\t\t\t\t<div class=\"elementor-column elementor-col-50 elementor-inner-column elementor-element elementor-element-18297d4\" data-id=\"18297d4\" data-element_type=\"column\" data-e-type=\"column\">\n\t\t\t<div class=\"elementor-widget-wrap elementor-element-populated\">\n\t\t\t\t\t\t<div class=\"elementor-element elementor-element-1772b04 elementor-widget elementor-widget-heading\" data-id=\"1772b04\" data-element_type=\"widget\" data-e-type=\"widget\" data-widget_type=\"heading.default\">\n\t\t\t\t<div class=\"elementor-widget-container\">\n\t\t\t\t\t<h5 class=\"elementor-heading-title elementor-size-default\">LTL &amp; FTL<\/h5>\t\t\t\t<\/div>\n\t\t\t\t<\/div>\n\t\t\t\t<div class=\"elementor-element elementor-element-d79f3e0 elementor-widget elementor-widget-text-editor\" data-id=\"d79f3e0\" data-element_type=\"widget\" data-e-type=\"widget\" data-widget_type=\"text-editor.default\">\n\t\t\t\t<div class=\"elementor-widget-container\">\n\t\t\t\t\t\t\t\t\t<p>F\u00fcr unsere Kunden verstehen wir uns als kompetenter Transportpartner f\u00fcr nationale und europaweite LTL (Less truck loads) und FTL (Full truck loads). Ausgelegt auf die individuellen Bed\u00fcrfnisse finden wir die ideale Transportl\u00f6sungen, sodass sich unsere Kunden auf ihre Kernkompetenzen konzentrieren k\u00f6nnen.<\/p><p>\u00a0<\/p><p>In der Transportabwicklung setzen wir auf eine technisch perfekt ausgestattete, vernetzte und flexible Flotte an Kleinfahrzeugen, 7,5to-\/12to-Fahrzeugen sowie Sattelz\u00fcgen. Durch ein modernes, digitales Fleet Management steuern und \u00fcberwachen wir unsere Fahrzeuge per GPS rund um die Uhr 24h\/7 Tage die Woche.<\/p><p>\u00a0<\/p><p>Durch den verst\u00e4rkten Einsatz in der Chemie- und Verpackungsindustrie reicht unser Leistungsportfolio weit \u00fcber die klassische Transportabwicklung hinaus. Vom Einsatz von Fahrzeugen mit ADR-Ausstattung, der Entladelogistik mittels Hebeb\u00fchnenzustellungen, \u00fcber den Einsatz von Thermo-Fahrzeugen entwickeln wir L\u00f6sungen &#8211; mit Ihnen und f\u00fcr Sie!<\/p>\t\t\t\t\t\t\t\t<\/div>\n\t\t\t\t<\/div>\n\t\t\t\t\t<\/div>\n\t\t<\/div>\n\t\t\t\t\t<\/div>\n\t\t<\/section>\n\t\t\t\t<div class=\"elementor-element elementor-element-9d73dcc elementor-widget elementor-widget-menu-anchor\" data-id=\"9d73dcc\" data-element_type=\"widget\" data-e-type=\"widget\" data-widget_type=\"menu-anchor.default\">\n\t\t\t\t<div class=\"elementor-widget-container\">\n\t\t\t\t\t\t\t<div class=\"elementor-menu-anchor\" id=\"intersolutions\"><\/div>\n\t\t\t\t\t\t<\/div>\n\t\t\t\t<\/div>\n\t\t\t\t<div class=\"elementor-element elementor-element-ad81965 elementor-widget-divider--view-line elementor-widget elementor-widget-divider\" data-id=\"ad81965\" data-element_type=\"widget\" data-e-type=\"widget\" data-widget_type=\"divider.default\">\n\t\t\t\t<div class=\"elementor-widget-container\">\n\t\t\t\t\t\t\t<div class=\"elementor-divider\">\n\t\t\t<span class=\"elementor-divider-separator\">\n\t\t\t\t\t\t<\/span>\n\t\t<\/div>\n\t\t\t\t\t\t<\/div>\n\t\t\t\t<\/div>\n\t\t\t\t<section class=\"elementor-section elementor-inner-section elementor-element elementor-element-1dadcdf elementor-section-boxed elementor-section-height-default elementor-section-height-default\" data-id=\"1dadcdf\" data-element_type=\"section\" data-e-type=\"section\" data-settings=\"{&quot;_ha_eqh_enable&quot;:false}\">\n\t\t\t\t\t\t<div class=\"elementor-container elementor-column-gap-default\">\n\t\t\t\t\t<div class=\"elementor-column elementor-col-50 elementor-inner-column elementor-element elementor-element-331f08b\" data-id=\"331f08b\" data-element_type=\"column\" data-e-type=\"column\" data-settings=\"{&quot;background_background&quot;:&quot;classic&quot;}\">\n\t\t\t<div class=\"elementor-widget-wrap elementor-element-populated\">\n\t\t\t\t\t\t<div class=\"elementor-element elementor-element-a09dc03 elementor-widget elementor-widget-spacer\" data-id=\"a09dc03\" data-element_type=\"widget\" data-e-type=\"widget\" data-widget_type=\"spacer.default\">\n\t\t\t\t<div class=\"elementor-widget-container\">\n\t\t\t\t\t\t\t<div class=\"elementor-spacer\">\n\t\t\t<div class=\"elementor-spacer-inner\"><\/div>\n\t\t<\/div>\n\t\t\t\t\t\t<\/div>\n\t\t\t\t<\/div>\n\t\t\t\t\t<\/div>\n\t\t<\/div>\n\t\t\t\t<div class=\"elementor-column elementor-col-50 elementor-inner-column elementor-element elementor-element-2851e0a\" data-id=\"2851e0a\" data-element_type=\"column\" data-e-type=\"column\">\n\t\t\t<div class=\"elementor-widget-wrap elementor-element-populated\">\n\t\t\t\t\t\t<div class=\"elementor-element elementor-element-01fac48 elementor-widget elementor-widget-heading\" data-id=\"01fac48\" data-element_type=\"widget\" data-e-type=\"widget\" data-widget_type=\"heading.default\">\n\t\t\t\t<div class=\"elementor-widget-container\">\n\t\t\t\t\t<h5 class=\"elementor-heading-title elementor-size-default\">Eco-Liner<\/h5>\t\t\t\t<\/div>\n\t\t\t\t<\/div>\n\t\t\t\t<div class=\"elementor-element elementor-element-cb2cd76 elementor-widget elementor-widget-text-editor\" data-id=\"cb2cd76\" data-element_type=\"widget\" data-e-type=\"widget\" data-widget_type=\"text-editor.default\">\n\t\t\t\t<div class=\"elementor-widget-container\">\n\t\t\t\t\t\t\t\t\t<p>Bereits seit 1970 sind Eco-Liner, Fahrzeugkombinationen mit einer Gesamtl\u00e4nge bis zu 25,25m, erfolgreich in skandinavischen L\u00e4ndern im Einsatz. Nachdem vor mehr als einem Jahrzehnt auch in der EU der Fahrzeugtyp genehmigt wurde und sich dieser in der Testphase bew\u00e4hrt hatte, sind die Fahrzeuge seit 01.01.2017 im Regelbetrieb regelm\u00e4\u00dfig im Einsatz.<\/p><p>\u00a0<\/p><p>In der technischen Ausstattung setzen wir auf eine Kombination aus einem Jumbo-Motorwagen und einem Megatrailer-H\u00e4nger. Konzipiert auf die individuellen Bed\u00fcrfnisse des Kunden verf\u00fcgen wir \u00fcber ein zus\u00e4tzliches Ladevolumen von ca. 40% (im Vergleich zu einem Jumbo-H\u00e4ngerzug). Aufgrund der Reduktion des Transportaufkommens k\u00f6nnen wir den Co2 Aussto\u00df somit um stolze 30% reduzieren und eine nachhaltige Transportumsetzung sicherstellen. Der Einsatz der Fahrzeuge ist in Deutschland nur auf fest definierten Strecken m\u00f6glich. F\u00fcr einen Kunden setzen wir einen Eco-Liner im Shuttleverkehr zwischen Hassloch und Hockenheim sowie Hassloch und Kandel ein.<\/p>\t\t\t\t\t\t\t\t<\/div>\n\t\t\t\t<\/div>\n\t\t\t\t\t<\/div>\n\t\t<\/div>\n\t\t\t\t\t<\/div>\n\t\t<\/section>\n\t\t\t\t\t<\/div>\n\t\t<\/div>\n\t\t\t\t\t<\/div>\n\t\t<\/section>\n\t\t\t\t<\/div>\n\t\t","protected":false},"excerpt":{"rendered":"<p>Intelligente Transportl\u00f6sungen \u2013 individuell &#038; ma\u00dfgeschneidert Jumbo Logistics LTL &#038; FTL Eco-Liner Der Name HAAF steht seit jeher f\u00fcr Jumbo-Spedition und europaweite Transporte im LTL- und FTL-Segment. Vor diesem Hintergrund k\u00f6nnen Sie heute f\u00fcr Ihre Beschaffungs-, Distributions- oder auch Ersatzteilelogistik auf eine Reihe von individuellen Jumbo-L\u00f6sungen zur\u00fcckgreifen. Bis hin zu unserem kranbaren Intermodal-Angebot auf der&hellip; <a class=\"more-link\" href=\"https:\/\/haaf.de\/en\/transport-services\/\">Continue reading <span class=\"screen-reader-text\">Transport Services<\/span><\/a><\/p>","protected":false},"author":10,"featured_media":0,"parent":0,"menu_order":0,"comment_status":"closed","ping_status":"closed","template":"","meta":{"footnotes":""},"class_list":["post-4048","page","type-page","status-publish","hentry","entry"],"yoast_head":"<!-- This site is optimized with the Yoast SEO plugin v27.5 - https:\/\/yoast.com\/product\/yoast-seo-wordpress\/ -->\n<title>Transport Services - HAAF Group<\/title>\n<meta name=\"robots\" content=\"index, follow, max-snippet:-1, max-image-preview:large, max-video-preview:-1\" \/>\n<link rel=\"canonical\" href=\"https:\/\/haaf.de\/en\/transport-services\/\" \/>\n<meta property=\"og:locale\" content=\"en_GB\" \/>\n<meta property=\"og:type\" content=\"article\" \/>\n<meta property=\"og:title\" content=\"Transport Services - HAAF Group\" \/>\n<meta property=\"og:description\" content=\"Intelligente Transportl\u00f6sungen \u2013 individuell &#038; ma\u00dfgeschneidert Jumbo Logistics LTL &#038; FTL Eco-Liner Der Name HAAF steht seit jeher f\u00fcr Jumbo-Spedition und europaweite Transporte im LTL- und FTL-Segment. Vor diesem Hintergrund k\u00f6nnen Sie heute f\u00fcr Ihre Beschaffungs-, Distributions- oder auch Ersatzteilelogistik auf eine Reihe von individuellen Jumbo-L\u00f6sungen zur\u00fcckgreifen. Bis hin zu unserem kranbaren Intermodal-Angebot auf der&hellip; Continue reading Transport Services\" \/>\n<meta property=\"og:url\" content=\"https:\/\/haaf.de\/en\/transport-services\/\" \/>\n<meta property=\"og:site_name\" content=\"HAAF Group\" \/>\n<meta property=\"article:modified_time\" content=\"2024-02-21T09:36:43+00:00\" \/>\n<meta name=\"twitter:card\" content=\"summary_large_image\" \/>\n<meta name=\"twitter:label1\" content=\"Estimated reading time\" \/>\n\t<meta name=\"twitter:data1\" content=\"4 minutes\" \/>\n<script type=\"application\/ld+json\" class=\"yoast-schema-graph\">{\"@context\":\"https:\\\/\\\/schema.org\",\"@graph\":[{\"@type\":\"WebPage\",\"@id\":\"https:\\\/\\\/haaf.de\\\/transport-services\\\/\",\"url\":\"https:\\\/\\\/haaf.de\\\/transport-services\\\/\",\"name\":\"Transport Services - HAAF Group\",\"isPartOf\":{\"@id\":\"https:\\\/\\\/haaf.de\\\/en_gb\\\/#website\"},\"datePublished\":\"2021-12-07T17:29:19+00:00\",\"dateModified\":\"2024-02-21T09:36:43+00:00\",\"breadcrumb\":{\"@id\":\"https:\\\/\\\/haaf.de\\\/transport-services\\\/#breadcrumb\"},\"inLanguage\":\"en-GB\",\"potentialAction\":[{\"@type\":\"ReadAction\",\"target\":[\"https:\\\/\\\/haaf.de\\\/transport-services\\\/\"]}]},{\"@type\":\"BreadcrumbList\",\"@id\":\"https:\\\/\\\/haaf.de\\\/transport-services\\\/#breadcrumb\",\"itemListElement\":[{\"@type\":\"ListItem\",\"position\":1,\"name\":\"Startseite\",\"item\":\"https:\\\/\\\/haaf.de\\\/\"},{\"@type\":\"ListItem\",\"position\":2,\"name\":\"Transport Services\"}]},{\"@type\":\"WebSite\",\"@id\":\"https:\\\/\\\/haaf.de\\\/en_gb\\\/#website\",\"url\":\"https:\\\/\\\/haaf.de\\\/en_gb\\\/\",\"name\":\"HAAF Group\",\"description\":\"Der industrialisierte Branchenspezialist\",\"publisher\":{\"@id\":\"https:\\\/\\\/haaf.de\\\/en_gb\\\/#organization\"},\"potentialAction\":[{\"@type\":\"SearchAction\",\"target\":{\"@type\":\"EntryPoint\",\"urlTemplate\":\"https:\\\/\\\/haaf.de\\\/en_gb\\\/?s={search_term_string}\"},\"query-input\":{\"@type\":\"PropertyValueSpecification\",\"valueRequired\":true,\"valueName\":\"search_term_string\"}}],\"inLanguage\":\"en-GB\"},{\"@type\":\"Organization\",\"@id\":\"https:\\\/\\\/haaf.de\\\/en_gb\\\/#organization\",\"name\":\"HAAF Group\",\"url\":\"https:\\\/\\\/haaf.de\\\/en_gb\\\/\",\"logo\":{\"@type\":\"ImageObject\",\"inLanguage\":\"en-GB\",\"@id\":\"https:\\\/\\\/haaf.de\\\/en_gb\\\/#\\\/schema\\\/logo\\\/image\\\/\",\"url\":\"https:\\\/\\\/haaf.de\\\/wp-content\\\/uploads\\\/2021\\\/04\\\/LG_Haaf_Group_4c.svg\",\"contentUrl\":\"https:\\\/\\\/haaf.de\\\/wp-content\\\/uploads\\\/2021\\\/04\\\/LG_Haaf_Group_4c.svg\",\"caption\":\"HAAF Group\"},\"image\":{\"@id\":\"https:\\\/\\\/haaf.de\\\/en_gb\\\/#\\\/schema\\\/logo\\\/image\\\/\"}}]}<\/script>\n<!-- \/ Yoast SEO plugin. -->","yoast_head_json":{"title":"Transport Services - HAAF Group","robots":{"index":"index","follow":"follow","max-snippet":"max-snippet:-1","max-image-preview":"max-image-preview:large","max-video-preview":"max-video-preview:-1"},"canonical":"https:\/\/haaf.de\/en\/transport-services\/","og_locale":"en_GB","og_type":"article","og_title":"Transport Services - HAAF Group","og_description":"Intelligente Transportl\u00f6sungen \u2013 individuell &#038; ma\u00dfgeschneidert Jumbo Logistics LTL &#038; FTL Eco-Liner Der Name HAAF steht seit jeher f\u00fcr Jumbo-Spedition und europaweite Transporte im LTL- und FTL-Segment. Vor diesem Hintergrund k\u00f6nnen Sie heute f\u00fcr Ihre Beschaffungs-, Distributions- oder auch Ersatzteilelogistik auf eine Reihe von individuellen Jumbo-L\u00f6sungen zur\u00fcckgreifen. Bis hin zu unserem kranbaren Intermodal-Angebot auf der&hellip; Continue reading Transport Services","og_url":"https:\/\/haaf.de\/en\/transport-services\/","og_site_name":"HAAF Group","article_modified_time":"2024-02-21T09:36:43+00:00","twitter_card":"summary_large_image","twitter_misc":{"Estimated reading time":"4 minutes"},"schema":{"@context":"https:\/\/schema.org","@graph":[{"@type":"WebPage","@id":"https:\/\/haaf.de\/transport-services\/","url":"https:\/\/haaf.de\/transport-services\/","name":"Transport Services - HAAF Group","isPartOf":{"@id":"https:\/\/haaf.de\/en_gb\/#website"},"datePublished":"2021-12-07T17:29:19+00:00","dateModified":"2024-02-21T09:36:43+00:00","breadcrumb":{"@id":"https:\/\/haaf.de\/transport-services\/#breadcrumb"},"inLanguage":"en-GB","potentialAction":[{"@type":"ReadAction","target":["https:\/\/haaf.de\/transport-services\/"]}]},{"@type":"BreadcrumbList","@id":"https:\/\/haaf.de\/transport-services\/#breadcrumb","itemListElement":[{"@type":"ListItem","position":1,"name":"Startseite","item":"https:\/\/haaf.de\/"},{"@type":"ListItem","position":2,"name":"Transport Services"}]},{"@type":"WebSite","@id":"https:\/\/haaf.de\/en_gb\/#website","url":"https:\/\/haaf.de\/en_gb\/","name":"HAAF Group","description":"Der industrialisierte Branchenspezialist","publisher":{"@id":"https:\/\/haaf.de\/en_gb\/#organization"},"potentialAction":[{"@type":"SearchAction","target":{"@type":"EntryPoint","urlTemplate":"https:\/\/haaf.de\/en_gb\/?s={search_term_string}"},"query-input":{"@type":"PropertyValueSpecification","valueRequired":true,"valueName":"search_term_string"}}],"inLanguage":"en-GB"},{"@type":"Organization","@id":"https:\/\/haaf.de\/en_gb\/#organization","name":"HAAF Group","url":"https:\/\/haaf.de\/en_gb\/","logo":{"@type":"ImageObject","inLanguage":"en-GB","@id":"https:\/\/haaf.de\/en_gb\/#\/schema\/logo\/image\/","url":"https:\/\/haaf.de\/wp-content\/uploads\/2021\/04\/LG_Haaf_Group_4c.svg","contentUrl":"https:\/\/haaf.de\/wp-content\/uploads\/2021\/04\/LG_Haaf_Group_4c.svg","caption":"HAAF Group"},"image":{"@id":"https:\/\/haaf.de\/en_gb\/#\/schema\/logo\/image\/"}}]}},"_links":{"self":[{"href":"https:\/\/haaf.de\/en\/wp-json\/wp\/v2\/pages\/4048","targetHints":{"allow":["GET"]}}],"collection":[{"href":"https:\/\/haaf.de\/en\/wp-json\/wp\/v2\/pages"}],"about":[{"href":"https:\/\/haaf.de\/en\/wp-json\/wp\/v2\/types\/page"}],"author":[{"embeddable":true,"href":"https:\/\/haaf.de\/en\/wp-json\/wp\/v2\/users\/10"}],"replies":[{"embeddable":true,"href":"https:\/\/haaf.de\/en\/wp-json\/wp\/v2\/comments?post=4048"}],"version-history":[{"count":10,"href":"https:\/\/haaf.de\/en\/wp-json\/wp\/v2\/pages\/4048\/revisions"}],"predecessor-version":[{"id":5597,"href":"https:\/\/haaf.de\/en\/wp-json\/wp\/v2\/pages\/4048\/revisions\/5597"}],"wp:attachment":[{"href":"https:\/\/haaf.de\/en\/wp-json\/wp\/v2\/media?parent=4048"}],"curies":[{"name":"wp","href":"https:\/\/api.w.org\/{rel}","templated":true}]}}